{"id":367,"date":"2026-01-02T19:58:45","date_gmt":"2026-01-02T18:58:45","guid":{"rendered":"https:\/\/leichtathletik.sv-einheit.de\/LeichtV2\/?page_id=367"},"modified":"2026-01-26T11:19:40","modified_gmt":"2026-01-26T10:19:40","slug":"gymnastik-2","status":"publish","type":"page","link":"https:\/\/leichtathletik.sv-einheit.de\/LeichtV2\/gymnastik-2\/","title":{"rendered":"Gymnastik"},"content":{"rendered":"<div class=\"et_pb_section_0 et_pb_section et_section_regular et_flex_section\">\n<div class=\"et_pb_row_0 et_pb_row et_flex_row\">\n<div class=\"et_pb_column_0 et_pb_column et-last-child et_flex_column et_pb_css_mix_blend_mode_passthrough et_flex_column_24_24 et_flex_column_24_24_tablet et_flex_column_24_24_phone\">\n<div class=\"et_pb_text_0 et_pb_text et_pb_bg_layout_light et_pb_module et_flex_module\"><div class=\"et_pb_text_inner\"><h1 class=\"dce-eyecatcher-header\" style=\"text-align: center;\"><b><span style=\"color: #ffffff;\">Gymnastik 1<\/span>\u00a0<\/b><\/h1>\n<\/div><\/div>\n<\/div>\n<\/div>\n<\/div>\n\n<div class=\"et_pb_section_1 et_pb_section et_section_regular et_flex_section\">\n<div class=\"et_pb_row_1 et_pb_row et_flex_row\">\n<div class=\"et_pb_column_1 et_pb_column et-last-child et_flex_column et_pb_css_mix_blend_mode_passthrough et_flex_column_24_24 et_flex_column_24_24_tablet et_flex_column_24_24_phone\">\n<div class=\"et_pb_row_2 et_pb_row et_pb_row_nested et_grid_row\">\n<div class=\"et_pb_column_2 et_pb_column et_flex_column et_pb_css_mix_blend_mode_passthrough\">\n<div class=\"et_pb_image_0 et_pb_image et_pb_module et_flex_module\"><span class=\"et_pb_image_wrap\"><img loading=\"lazy\" decoding=\"async\" src=\"https:\/\/leichtathletik.sv-einheit.de\/LeichtV2\/wp-content\/uploads\/2026\/01\/gymnastik.jpg\" title=\"gymnastik\" width=\"306\" height=\"165\" srcset=\"https:\/\/leichtathletik.sv-einheit.de\/LeichtV2\/wp-content\/uploads\/2026\/01\/gymnastik.jpg 306w, https:\/\/leichtathletik.sv-einheit.de\/LeichtV2\/wp-content\/uploads\/2026\/01\/gymnastik-300x162.jpg 300w\" sizes=\"(max-width: 306px) 100vw, 306px\" class=\"wp-image-307\" \/><\/span><\/div>\n<\/div>\n\n<div class=\"et_pb_column_3 et_pb_column et-last-child et_flex_column et_pb_css_mix_blend_mode_passthrough\">\n<div class=\"et_pb_text_1 et_pb_text et_pb_bg_layout_light et_pb_module et_flex_module\"><div class=\"et_pb_text_inner\"><h1><span style=\"font-family: Diphylleia; font-weight: normal;\"><span style=\"font-size: large;\"><span dir=\"auto\">Frauenpower in einer Stunde ! <\/span><\/span><\/span><\/h1>\n<h1><span style=\"font-family: Diphylleia; font-weight: normal;\"><span style=\"font-size: large;\"><span dir=\"auto\"> Wir beginnen mit einem auflockernden Herz-Kreislauftraining zu flotter Musik,<\/span><span dir=\"auto\"> Dann arbeiten wir an unseren Lieblingsstellen heran, Bauch, Beine und Po.<\/span><span dir=\"auto\"> Zum Abschluss dehnen wir uns mit Joga und entspannen mit Fantasiereisen und verschiedenen anderen \u00dcbungen.<\/span><\/span><span dir=\"auto\"><span style=\"font-size: large;\"> In einer Stunde mehr Wohlgef\u00fchl ist der Lohn f\u00fcr K\u00f6rper, Geist und Seele<\/span>.<\/span><\/span><\/h1>\n<\/div><\/div>\n<\/div>\n<\/div>\n<\/div>\n<\/div>\n<\/div>\n\n<div class=\"et_pb_section_2 et_pb_section et_section_regular et_flex_section\">\n<div class=\"et_pb_row_3 et_pb_row et_flex_row\">\n<div class=\"et_pb_column_4 et_pb_column et_flex_column et_pb_css_mix_blend_mode_passthrough et_flex_column_24_24 et_flex_column_24_24_tablet et_flex_column_24_24_phone\">\n<div class=\"et_pb_text_2 et_pb_text et_pb_bg_layout_light et_pb_module et_flex_module\"><div class=\"et_pb_text_inner\"><h2 class=\"element-header mb-5\"><span>Trainingszeiten<\/span><\/h2>\n<\/div><\/div>\n<\/div>\n\n<div class=\"et_pb_column_5 et_pb_column et-last-child et_flex_column et_pb_css_mix_blend_mode_passthrough et_flex_column_24_24 et_flex_column_24_24_tablet et_flex_column_24_24_phone\">\n<div class=\"et_pb_text_3 et_pb_text et_pb_bg_layout_light et_pb_module et_flex_module\"><div class=\"et_pb_text_inner\"><pre><span dir=\"auto\" style=\"font-family: Diphylleia; font-weight: normal;\">Montags 19:00 bis 20:00 Uhr<\/span><\/pre>\n<pre><span dir=\"auto\" style=\"font-family: Diphylleia; font-weight: normal;\">Sporthalle am Theaterplatz\/ Ernst-Abbe-Gymnasium Eingang \u00fcber Helenenstra\u00dfe<\/span><\/pre>\n<\/div><\/div>\n<\/div>\n<\/div>\n<\/div>\n\n<div class=\"et_pb_section_3 et_pb_section et_section_regular et_flex_section\">\n<div class=\"et_pb_row_4 et_pb_row et_flex_row\">\n<div class=\"et_pb_column_6 et_pb_column et_flex_column et_pb_css_mix_blend_mode_passthrough et_flex_column_12_24 et_flex_column_12_24_tablet et_flex_column_24_24_phone\">\n<div class=\"et_pb_image_1 et_pb_image et_pb_module et_flex_module\"><span class=\"et_pb_image_wrap\"><img loading=\"lazy\" decoding=\"async\" src=\"https:\/\/leichtathletik.sv-einheit.de\/LeichtV2\/wp-content\/uploads\/2026\/01\/0-6a757146-32ec-4555-ba72-a010e0b8c3a1-512x512-1-512x512-300x300.jpg\" title=\"0-6a757146-32ec-4555-ba72-a010e0b8c3a1-512x512-1-512x512\" width=\"300\" height=\"300\" class=\"wp-image-152\" \/><\/span><\/div>\n<\/div>\n\n<div class=\"et_pb_column_7 et_pb_column et-last-child et_flex_column et_pb_css_mix_blend_mode_passthrough et_flex_column_12_24 et_flex_column_12_24_tablet et_flex_column_24_24_phone\">\n<div class=\"et_pb_text_4 et_pb_text et_pb_bg_layout_light et_pb_module et_flex_module\"><div class=\"et_pb_text_inner\"><h2 class=\"element-header  \"><span>Ansprechpartner:\u00a0<\/span><\/h2>\n<blockquote>\n<h2 class=\"element-header  \"><span dir=\"auto\" style=\"font-family: Diphylleia; font-weight: normal;\">Christina Winkels<\/span><\/h2>\n<pre><span dir=\"auto\" style=\"font-family: Diphylleia; font-weight: normal;\">Tel: 0174\/3287664<br \/>E-Mail: <br \/>Training f\u00fcr alle von 14 - 60 <\/span><\/pre>\n<\/blockquote>\n<p><span><\/span><\/p>\n<\/div><\/div>\n<\/div>\n<\/div>\n<\/div>\n\n<div class=\"et_pb_section_4 et_pb_section et_section_regular et_flex_section\">\n<div class=\"et_pb_row_5 et_pb_row et_flex_row\">\n<div class=\"et_pb_column_8 et_pb_column et-last-child et_flex_column et_pb_css_mix_blend_mode_passthrough et_flex_column_24_24 et_flex_column_24_24_tablet et_flex_column_24_24_phone\">\n<div class=\"et_pb_text_5 et_pb_text et_pb_bg_layout_light et_pb_module et_flex_module\"><div class=\"et_pb_text_inner\"><h1 class=\"dce-eyecatcher-header\" style=\"text-align: center;\"><span style=\"color: #ffffff;\"><b><span dir=\"auto\" style=\"vertical-align: inherit;\"><span dir=\"auto\" style=\"vertical-align: inherit;\"><span dir=\"auto\" style=\"vertical-align: inherit;\"><span dir=\"auto\" style=\"vertical-align: inherit;\">Gymnastik 2\u00a0<\/span><\/span><\/span><\/span><\/b><\/span><\/h1>\n<p>&nbsp;<\/p>\n<\/div><\/div>\n<\/div>\n<\/div>\n<\/div>\n\n<div class=\"et_pb_section_5 et_pb_section et_section_regular et_flex_section\">\n<div class=\"et_pb_row_6 et_pb_row et_flex_row\">\n<div class=\"et_pb_column_9 et_pb_column et-last-child et_flex_column et_pb_css_mix_blend_mode_passthrough et_flex_column_24_24 et_flex_column_24_24_tablet et_flex_column_24_24_phone\">\n<div class=\"et_pb_row_7 et_pb_row et_pb_row_nested et_grid_row\">\n<div class=\"et_pb_column_10 et_pb_column et_flex_column et_pb_css_mix_blend_mode_passthrough\">\n<div class=\"et_pb_image_2 et_pb_image et_pb_module et_flex_module\"><span class=\"et_pb_image_wrap\"><img loading=\"lazy\" decoding=\"async\" src=\"https:\/\/leichtathletik.sv-einheit.de\/LeichtV2\/wp-content\/uploads\/2026\/01\/gymnastik.jpg\" title=\"gymnastik\" width=\"306\" height=\"165\" srcset=\"https:\/\/leichtathletik.sv-einheit.de\/LeichtV2\/wp-content\/uploads\/2026\/01\/gymnastik.jpg 306w, https:\/\/leichtathletik.sv-einheit.de\/LeichtV2\/wp-content\/uploads\/2026\/01\/gymnastik-300x162.jpg 300w\" sizes=\"(max-width: 306px) 100vw, 306px\" class=\"wp-image-307\" \/><\/span><\/div>\n<\/div>\n\n<div class=\"et_pb_column_11 et_pb_column et-last-child et_flex_column et_pb_css_mix_blend_mode_passthrough\">\n<div class=\"et_pb_text_6 et_pb_text et_pb_bg_layout_light et_pb_module et_flex_module\"><\/div>\n<\/div>\n<\/div>\n<\/div>\n<\/div>\n\n<div class=\"et_pb_row_8 et_pb_row et_flex_row\">\n<div class=\"et_pb_column_12 et_pb_column et-last-child et_flex_column et_pb_css_mix_blend_mode_passthrough et_flex_column_24_24 et_flex_column_24_24_tablet et_flex_column_24_24_phone\">\n<div class=\"et_pb_text_7 et_pb_text et_pb_bg_layout_light et_pb_module et_flex_module\"><div class=\"et_pb_text_inner\"><h4><span style=\"font-family: Diphylleia; font-weight: normal; font-size: medium;\">Die Sektion Gymnastik 2 ist eine kleine Seniorensportgruppe, momentan bestehend aus 21 Mitgliedern im Alter von 56 bis 85 <\/span><br \/><span style=\"font-family: Diphylleia; font-weight: normal; font-size: medium;\">Jahren, unter der Leitung von Rosi Kuttig, sowie der tatkr\u00e4ftigen Unterst\u00fctzung von Uschi Arndt. <\/span><\/h4>\n<h4><span style=\"font-family: Diphylleia; font-weight: normal; font-size: medium;\">Wir bieten jeden <\/span><span style=\"font-family: Diphylleia; font-weight: normal; font-size: medium;\">Mittwoch von 17:30 Uhr bis 19:00 Uhr in der Sporthalle des Elisabeth-Gymnasiums Eisenach, <\/span><br \/><span style=\"font-family: Diphylleia; font-weight: normal; font-size: medium;\">Nebestra\u00dfe 24, ein buntes Programm an altersgerechten Bewegungsangeboten, von Sportspielen wie etwa Federball oder <\/span><br \/><span style=\"font-family: Diphylleia; font-weight: normal; font-size: medium;\">Kreisspielen, \u00fcber Balancetraining, bis hin zu entschleunigenden Entspannungs\u00fcbungen aus den Bereichen Yoga, Pilates, uvm. <\/span><br \/><span style=\"font-family: Diphylleia; font-weight: normal; font-size: medium;\">am Ende der anderthalbst\u00fcndigen Einheit. Dar\u00fcber hinaus unternehmen <\/span><span style=\"font-family: Diphylleia; font-weight: normal; font-size: medium;\">wir gelegentlich auch gemeinsame Wanderausfl\u00fcge oder Bowlingnachmittage<\/span><\/h4>\n<\/div><\/div>\n<\/div>\n<\/div>\n<\/div>\n\n<div class=\"et_pb_section_6 et_pb_section et_section_regular et_flex_section\">\n<div class=\"et_pb_row_9 et_pb_row et_flex_row\">\n<div class=\"et_pb_column_13 et_pb_column et_flex_column et_pb_css_mix_blend_mode_passthrough et_flex_column_24_24 et_flex_column_24_24_tablet et_flex_column_24_24_phone\">\n<div class=\"et_pb_text_8 et_pb_text et_pb_bg_layout_light et_pb_module et_flex_module\"><div class=\"et_pb_text_inner\"><h2 class=\"element-header mb-5\"><span>Trainingszeiten<\/span><\/h2>\n<\/div><\/div>\n<\/div>\n\n<div class=\"et_pb_column_14 et_pb_column et-last-child et_flex_column et_pb_css_mix_blend_mode_passthrough et_flex_column_24_24 et_flex_column_24_24_tablet et_flex_column_24_24_phone\">\n<div class=\"et_pb_text_9 et_pb_text et_pb_bg_layout_light et_pb_module et_flex_module\"><div class=\"et_pb_text_inner\"><pre><span dir=\"auto\" style=\"font-family: Diphylleia; font-weight: normal;\">Mittwoch 17:30 bis 19:00 Uhr<br \/><br \/><\/span><span style=\"font-family: Diphylleia; font-weight: normal;\">Sporthalle des Elisabeth-Gymnasiums Eisenach, Nebestra\u00dfe 24<\/span><\/pre>\n<\/div><\/div>\n<\/div>\n<\/div>\n<\/div>\n\n<div class=\"et_pb_section_7 et_pb_section et_section_regular et_flex_section\">\n<div class=\"et_pb_row_10 et_pb_row et_flex_row\">\n<div class=\"et_pb_column_15 et_pb_column et_flex_column et_pb_css_mix_blend_mode_passthrough et_flex_column_12_24 et_flex_column_12_24_tablet et_flex_column_24_24_phone\">\n<div class=\"et_pb_image_3 et_pb_image et_pb_module et_flex_module\"><span class=\"et_pb_image_wrap\"><img loading=\"lazy\" decoding=\"async\" src=\"https:\/\/leichtathletik.sv-einheit.de\/LeichtV2\/wp-content\/uploads\/2026\/01\/0-6a757146-32ec-4555-ba72-a010e0b8c3a1-512x512-1-512x512-300x300.jpg\" title=\"0-6a757146-32ec-4555-ba72-a010e0b8c3a1-512x512-1-512x512\" width=\"300\" height=\"300\" class=\"wp-image-152\" \/><\/span><\/div>\n<\/div>\n\n<div class=\"et_pb_column_16 et_pb_column et-last-child et_flex_column et_pb_css_mix_blend_mode_passthrough et_flex_column_12_24 et_flex_column_12_24_tablet et_flex_column_24_24_phone\">\n<div class=\"et_pb_text_10 et_pb_text et_pb_bg_layout_light et_pb_module et_flex_module\"><div class=\"et_pb_text_inner\"><h2 class=\"element-header  \"><span>Ansprechpartner:\u00a0<\/span><\/h2>\n<blockquote>\n<h2 class=\"element-header  \"><span dir=\"auto\" style=\"font-family: Diphylleia; font-weight: normal;\">Frau Kuttig<\/span><\/h2>\n<pre><span dir=\"auto\" style=\"font-family: Diphylleia; font-weight: normal;\">Tel: 03691\/842309<br \/>E-Mail: <br \/>Training f\u00fcr Sportliche Senioren <\/span><\/pre>\n<\/blockquote>\n<p><span><\/span><\/p>\n<\/div><\/div>\n<\/div>\n<\/div>\n<\/div>\n\n<div class=\"et_pb_section_8 et_pb_section et_section_regular et_flex_section\">\n<div class=\"et_pb_row_11 et_pb_row et_flex_row\">\n<div class=\"et_pb_column_17 et_pb_column et-last-child et_flex_column et_pb_css_mix_blend_mode_passthrough et_flex_column_24_24 et_flex_column_24_24_tablet et_flex_column_24_24_phone\">\n<div class=\"et_pb_text_11 et_pb_text et_pb_bg_layout_light et_pb_module et_flex_module\"><div class=\"et_pb_text_inner\"><h1 class=\"dce-eyecatcher-header\" style=\"text-align: center;\"><span style=\"color: #ffffff;\"><b><span dir=\"auto\" style=\"vertical-align: inherit;\"><span dir=\"auto\" style=\"vertical-align: inherit;\"><span dir=\"auto\" style=\"vertical-align: inherit;\"><span dir=\"auto\" style=\"vertical-align: inherit;\"><span dir=\"auto\" style=\"vertical-align: inherit;\"><span dir=\"auto\" style=\"vertical-align: inherit;\">Gymnastik 3\u00a0<\/span><\/span><\/span><\/span><\/span><\/span><\/b><\/span><\/h1>\n<p>&nbsp;<\/p>\n<\/div><\/div>\n<\/div>\n<\/div>\n<\/div>\n\n<div class=\"et_pb_section_9 et_pb_section et_section_regular et_flex_section\">\n<div class=\"et_pb_row_12 et_pb_row et_flex_row\">\n<div class=\"et_pb_column_18 et_pb_column et-last-child et_flex_column et_pb_css_mix_blend_mode_passthrough et_flex_column_24_24 et_flex_column_24_24_tablet et_flex_column_24_24_phone\">\n<div class=\"et_pb_row_13 et_pb_row et_pb_row_nested et_grid_row\">\n<div class=\"et_pb_column_19 et_pb_column et_flex_column et_pb_css_mix_blend_mode_passthrough\">\n<div class=\"et_pb_image_4 et_pb_image et_pb_module et_flex_module\"><span class=\"et_pb_image_wrap\"><img loading=\"lazy\" decoding=\"async\" src=\"https:\/\/leichtathletik.sv-einheit.de\/LeichtV2\/wp-content\/uploads\/2026\/01\/gymnastik.jpg\" title=\"gymnastik\" width=\"306\" height=\"165\" srcset=\"https:\/\/leichtathletik.sv-einheit.de\/LeichtV2\/wp-content\/uploads\/2026\/01\/gymnastik.jpg 306w, https:\/\/leichtathletik.sv-einheit.de\/LeichtV2\/wp-content\/uploads\/2026\/01\/gymnastik-300x162.jpg 300w\" sizes=\"(max-width: 306px) 100vw, 306px\" class=\"wp-image-307\" \/><\/span><\/div>\n<\/div>\n\n<div class=\"et_pb_column_20 et_pb_column et-last-child et_flex_column et_pb_css_mix_blend_mode_passthrough\">\n<div class=\"et_pb_text_12 et_pb_text et_pb_bg_layout_light et_pb_module et_flex_module\"><\/div>\n<\/div>\n<\/div>\n<\/div>\n<\/div>\n\n<div class=\"et_pb_row_14 et_pb_row et_flex_row\">\n<div class=\"et_pb_column_21 et_pb_column et-last-child et_flex_column et_pb_css_mix_blend_mode_passthrough et_flex_column_24_24 et_flex_column_24_24_tablet et_flex_column_24_24_phone\">\n<div class=\"et_pb_text_13 et_pb_text et_pb_bg_layout_light et_pb_module et_flex_module\"><div class=\"et_pb_text_inner\"><h4><span style=\"font-family: Diphylleia; font-weight: normal; font-size: medium;\"><span dir=\"auto\" style=\"vertical-align: inherit;\"><span dir=\"auto\" style=\"vertical-align: inherit;\">Die Sektion Gymnastik 3...... Text\u00a0<\/span><\/span><\/span><\/h4>\n<\/div><\/div>\n<\/div>\n<\/div>\n<\/div>\n\n<div class=\"et_pb_section_10 et_pb_section et_section_regular et_flex_section\">\n<div class=\"et_pb_row_15 et_pb_row et_flex_row\">\n<div class=\"et_pb_column_22 et_pb_column et_flex_column et_pb_css_mix_blend_mode_passthrough et_flex_column_24_24 et_flex_column_24_24_tablet et_flex_column_24_24_phone\">\n<div class=\"et_pb_text_14 et_pb_text et_pb_bg_layout_light et_pb_module et_flex_module\"><div class=\"et_pb_text_inner\"><h2 class=\"element-header mb-5\"><span>Trainingszeiten<\/span><\/h2>\n<\/div><\/div>\n<\/div>\n\n<div class=\"et_pb_column_23 et_pb_column et-last-child et_flex_column et_pb_css_mix_blend_mode_passthrough et_flex_column_24_24 et_flex_column_24_24_tablet et_flex_column_24_24_phone\">\n<div class=\"et_pb_text_15 et_pb_text et_pb_bg_layout_light et_pb_module et_flex_module\"><div class=\"et_pb_text_inner\"><pre><span dir=\"auto\" style=\"font-family: Diphylleia; font-weight: normal;\">Mittwoch 17:30 bis 19:00 Uhr<br \/><br \/><\/span><span style=\"font-family: Diphylleia; font-weight: normal;\">Sporthalle des Elisabeth-Gymnasiums Eisenach, Nebestra\u00dfe 24<\/span><\/pre>\n<\/div><\/div>\n<\/div>\n<\/div>\n<\/div>\n\n<div class=\"et_pb_section_11 et_pb_section et_section_regular et_flex_section et_clickable\">\n<div class=\"et_pb_row_16 et_pb_row et_flex_row\">\n<div class=\"et_pb_column_24 et_pb_column et_flex_column et_pb_css_mix_blend_mode_passthrough et_flex_column_12_24 et_flex_column_12_24_tablet et_flex_column_24_24_phone\">\n<div class=\"et_pb_image_5 et_pb_image et_pb_module et_flex_module\"><span class=\"et_pb_image_wrap\"><img loading=\"lazy\" decoding=\"async\" src=\"https:\/\/leichtathletik.sv-einheit.de\/LeichtV2\/wp-content\/uploads\/2026\/01\/0-6a757146-32ec-4555-ba72-a010e0b8c3a1-512x512-1-512x512-300x300.jpg\" title=\"0-6a757146-32ec-4555-ba72-a010e0b8c3a1-512x512-1-512x512\" width=\"300\" height=\"300\" class=\"wp-image-152\" \/><\/span><\/div>\n<\/div>\n\n<div class=\"et_pb_column_25 et_pb_column et-last-child et_flex_column et_pb_css_mix_blend_mode_passthrough et_flex_column_12_24 et_flex_column_12_24_tablet et_flex_column_24_24_phone\">\n<div class=\"et_pb_text_16 et_pb_text et_pb_bg_layout_light et_pb_module et_flex_module\"><div class=\"et_pb_text_inner\"><h2 class=\"element-header  \"><span>Ansprechpartner:\u00a0<\/span><\/h2>\n<blockquote>\n<h2 class=\"element-header  \"><span dir=\"auto\" style=\"font-family: Diphylleia; font-weight: normal;\">Christina Winkels<\/span><\/h2>\n<pre><span dir=\"auto\" style=\"font-family: Diphylleia; font-weight: normal;\">Tel: 0174\/3287664<br \/>E-Mail: <br \/>Training f\u00fcr alle von 14 - 60 <\/span><\/pre>\n<\/blockquote>\n<p><span><\/span><\/p>\n<\/div><\/div>\n<\/div>\n<\/div>\n<\/div>\n\n<div class=\"et_pb_section_12 et_pb_section et_section_regular et_flex_section\">\n<div class=\"et_pb_row_17 et_pb_row et_flex_row\">\n<div class=\"et_pb_column_26 et_pb_column et-last-child et_flex_column et_pb_css_mix_blend_mode_passthrough et_flex_column_24_24 et_flex_column_24_24_tablet et_flex_column_24_24_phone\">\n<div class=\"et_pb_text_17 et_pb_text et_pb_bg_layout_light et_pb_module et_flex_module\"><\/div>\n<\/div>\n<\/div>\n\n<div class=\"et_pb_row_18 et_pb_row et_block_row preset--module--divi-row--5138c454-be54-4233-bd3b-f8e6a8747976\">\n<div class=\"et_pb_column_27 et_pb_column et_pb_column_4_4 et-last-child et_block_column et_pb_css_mix_blend_mode_passthrough preset--module--divi-column--73121f80-a3ef-4484-8763-c3f18e3c56d2\">\n<div class=\"et_pb_cta_0 et_pb_promo et_pb_bg_layout_light et_pb_module et_block_module preset--module--divi-cta--4c2ad5d0-871e-414e-a4be-aa9134d4ae8e\"><div class=\"et_pb_promo_description\"><h2 class=\"et_pb_module_header\">Jetzt Mitglied werden oder teilnehmen!<\/h2><div class=\"et_pb_promo_content\"><p>Schlie\u00dfen Sie sich unserem Verein an und profitieren Sie von erstklassigem Training und spannenden Wettk\u00e4mpfen. Sollten wir ihr Interesse geweckt haben, freuen wir uns \u00fcber jedes neue Mitglied !<\/p>\n<p><span dir=\"auto\" style=\"font-family: inherit; font-weight: normal;\">3 mal kostenlos schnuppern\u00a0<\/span><\/p>\n<\/div><\/div><div class=\"et_pb_button_wrapper\"><a class=\"et_pb_button et_pb_promo_button\" href=\"#\">Mitmachen<\/a><\/div><\/div>\n<\/div>\n<\/div>\n<\/div>","protected":false},"excerpt":{"rendered":"","protected":false},"author":1,"featured_media":0,"parent":0,"menu_order":4,"comment_status":"closed","ping_status":"closed","template":"","meta":{"footnotes":""},"class_list":["post-367","page","type-page","status-publish","hentry"],"_links":{"self":[{"href":"https:\/\/leichtathletik.sv-einheit.de\/LeichtV2\/wp-json\/wp\/v2\/pages\/367","targetHints":{"allow":["GET"]}}],"collection":[{"href":"https:\/\/leichtathletik.sv-einheit.de\/LeichtV2\/wp-json\/wp\/v2\/pages"}],"about":[{"href":"https:\/\/leichtathletik.sv-einheit.de\/LeichtV2\/wp-json\/wp\/v2\/types\/page"}],"author":[{"embeddable":true,"href":"https:\/\/leichtathletik.sv-einheit.de\/LeichtV2\/wp-json\/wp\/v2\/users\/1"}],"replies":[{"embeddable":true,"href":"https:\/\/leichtathletik.sv-einheit.de\/LeichtV2\/wp-json\/wp\/v2\/comments?post=367"}],"version-history":[{"count":10,"href":"https:\/\/leichtathletik.sv-einheit.de\/LeichtV2\/wp-json\/wp\/v2\/pages\/367\/revisions"}],"predecessor-version":[{"id":390,"href":"https:\/\/leichtathletik.sv-einheit.de\/LeichtV2\/wp-json\/wp\/v2\/pages\/367\/revisions\/390"}],"wp:attachment":[{"href":"https:\/\/leichtathletik.sv-einheit.de\/LeichtV2\/wp-json\/wp\/v2\/media?parent=367"}],"curies":[{"name":"wp","href":"https:\/\/api.w.org\/{rel}","templated":true}]}}